{"id":909,"date":"2020-09-18T18:05:36","date_gmt":"2020-09-18T16:05:36","guid":{"rendered":"https:\/\/www.valquejigoso.com\/vinoteca\/?page_id=909"},"modified":"2020-09-18T18:05:38","modified_gmt":"2020-09-18T16:05:38","slug":"politica-de-privacidad-2","status":"publish","type":"page","link":"https:\/\/www.valquejigoso.com\/vinoteca\/politica-de-privacidad-2\/","title":{"rendered":"Pol\u00edtica de Privacidad"},"content":{"rendered":"\n<hr class=\"wp-block-separator\"\/>\n\n\n\n<p><strong>VALQUEJIGOSO, S.L.<\/strong>&nbsp;informa de que la presente web tiene car\u00e1cter meramente informativo y que, con car\u00e1cter general no se recaban datos personales.<\/p>\n\n\n\n<p>En cumplimiento de la normativa en materia de protecci\u00f3n de datos de car\u00e1cter personal y, en particular, del REGLAMENTO (UE) 2016\/679 DEL PARLAMENTO EUROPEO Y DEL CONSEJO de 27 de abril de 2016 relativo a la protecci\u00f3n de las personas f\u00edsicas en lo que respecta al tratamiento de datos personales y a la libre circulaci\u00f3n de estos datos y por el que se deroga la Directiva 95\/46\/CE&nbsp; (en adelante, \u201c<strong>GDPR<\/strong>\u201d), para los supuestos en los cuales se soliciten datos personales por cualquier v\u00eda para alguna finalidad y\/o servicio concreto,&nbsp;<strong>VALQUEJIGOSO, S.L<\/strong>. ha elaborado la presente&nbsp;<strong>POL\u00cdTICA DE PRIVACIDAD<\/strong>&nbsp;que regula el tratamiento de los datos personales de los interesados.<\/p>\n\n\n\n<p>Esta pol\u00edtica engloba la informaci\u00f3n sobre los siguientes extremos:<\/p>\n\n\n\n<ul><li><strong>El Responsable del Tratamiento de sus datos personales y v\u00edas de contacto<\/strong><\/li><\/ul>\n\n\n\n<p>El responsable del tratamiento de sus datos personales es&nbsp;<strong>VALQUEJIGOSO, S.L.<\/strong>, con domicilio en Carretera de Villamanta a M\u00e9ntrida s\/n, 28610, Villamanta, Madrid, Espa\u00f1a. Correo electr\u00f3nico de contacto:&nbsp;<a href=\"mailto:rgpd@valquejigoso.com\">rgpd@valquejigoso.com<\/a><\/p>\n\n\n\n<ul><li><strong>La procedencia de sus datos personales<\/strong><\/li><\/ul>\n\n\n\n<p><strong>Valquejigoso<\/strong>&nbsp;puede obtener datos personales cuando una persona nos los facilita:<\/p>\n\n\n\n<ul><li>Solicitando informaci\u00f3n sobre nuestros productos, tanto de forma directa como de forma indirecta, como por ejemplo mediante el formulario web o un correo electr\u00f3nico<\/li><li>Remitiendo los Curriculum Vitae a trav\u00e9s de cualquiera de las formas de contacto que se ponen a su disposici\u00f3n para su gesti\u00f3n con fines de selecci\u00f3n y reclutamiento personal.<\/li><li><strong>Los tipos de datos personales que obtenemos<\/strong><\/li><\/ul>\n\n\n\n<p>Los datos personales que tratamos son tanto datos de contacto: nombre, direcci\u00f3n postal, correo electr\u00f3nico, tel\u00e9fono.<\/p>\n\n\n\n<ul><li><strong>La finalidad para la cual se tratan sus datos personales y la base de legitimaci\u00f3n del tratamiento<\/strong><\/li><\/ul>\n\n\n\n<p>El presente apartado tiene por objeto informar de las finalidades para las cuales el&nbsp;<strong>Valquejigoso<\/strong>&nbsp;tratar\u00e1 sus datos. El tratamiento solo se llevar\u00e1 a cabo cuando&nbsp;<strong>Valquejigoso<\/strong>&nbsp;cuente con una base de legitimaci\u00f3n que lo ampare. Las bases legales que respaldan el tratamiento de datos llevado a cabo por el banco son:<\/p>\n\n\n\n<ul><li>La solicitud del interesado: gestionar cualquier tipo de solicitud, sugerencia o petici\u00f3n general sobre<strong>&nbsp;Valquejigoso&nbsp;<\/strong>y sus productos as\u00ed como gestionar los datos aportados por los candidatos a un puesto de trabajo a trav\u00e9s de cualquiera de las formas de contacto que se ponen a su disposici\u00f3n con fines de selecci\u00f3n y reclutamiento personal.<\/li><li>El inter\u00e9s leg\u00edtimo: satisfacer intereses leg\u00edtimos perseguidos por&nbsp;<strong>Valquejigoso<\/strong>&nbsp;como responsable del tratamiento como por ejemplo el an\u00e1lisis para mejorar nuestros productos y el servicio facilitado a nuestros clientes, as\u00ed como informarle de promociones u otras comunicaciones comerciales en relaci\u00f3n a nuestros productos.<\/li><li>Su consentimiento: necesitaremos su consentimiento para poder llevar a cabo determinados tratamientos. El mismo se deber\u00e1 prestar de forma libre, espec\u00edfica e inequ\u00edvoca en el momento de la recogida de los datos para esos fines determinados:<\/li><li>Enviarle comunicaciones comerciales sobre nuestros propios productos y servicios destinados a su perfil concreto.<\/li><\/ul>\n\n\n\n<p>El tratamiento de sus datos personales se llevar\u00e1 a cabo siempre con absoluta confidencialidad, comprometi\u00e9ndonos a guardar secreto respecto de los mismos y garantizando el deber de almacenarlos adoptando todas las medidas necesarias que eviten su alteraci\u00f3n, p\u00e9rdida, tratamiento o acceso no autorizado, de acuerdo con las obligaciones legales que nos aplican como responsables del tratamiento de sus datos personales.<\/p>\n\n\n\n<ul><li><strong>El tiempo de conservaci\u00f3n de sus datos personales<\/strong><\/li><\/ul>\n\n\n\n<p>Sus datos ser\u00e1n conservados por el tiempo que fuera necesario para la finalidad para la cual fueron recogidos y ser\u00e1n bloqueados cuando hayan dejado de ser necesarios, conserv\u00e1ndose para los supuestos en los cuales se pudieran derivar responsabilidades.<\/p>\n\n\n\n<p>Los datos de car\u00e1cter personal se mantendr\u00e1n de forma que permitan la identificaci\u00f3n y el ejercicio de los Derechos de los afectados y, bajo las medidas t\u00e9cnicas jur\u00eddicas, y organizativas que resulten necesarias para garantizar la confidencialidad e integridad de estos.<\/p>\n\n\n\n<ul><li>Datos de los Curriculum Vitae:&nbsp;<strong>Valquejigoso<\/strong>&nbsp;podr\u00e1 conservar su Curr\u00edculum Vitae por el plazo m\u00e1ximo de un a\u00f1o, concluido dicho plazo, se proceder\u00e1 autom\u00e1ticamente a su destrucci\u00f3n, en cumplimiento del principio de calidad del dato.<\/li><li>El resto de los datos apartados a trav\u00e9s de cualquier forma de contacto al&nbsp;<strong>Valquejigoso<\/strong>&nbsp;ser\u00e1n conservados durante el tiempo que sea necesario para cumplir con las finalidades descritas en este documento.<\/li><\/ul>\n\n\n\n<p>Cumplido el citado plazo&nbsp;<strong>Valquejigoso<\/strong>&nbsp;proceder\u00e1 a la supresi\u00f3n de sus datos.<\/p>\n\n\n\n<ul><li><strong>Los destinatarios de sus datos personales<\/strong><\/li><\/ul>\n\n\n\n<p>No cederemos sus datos personales a terceros, salvo que estemos obligados legalmente o que Ud. lo consienta.<\/p>\n\n\n\n<p>Cuando sea necesario su consentimiento para comunicar los datos personales a terceros, en los formularios de recogida de datos le informaremos de la finalidad del tratamiento, as\u00ed como de la identidad o sectores de actividad de los posibles cesionarios de tus datos personales.<\/p>\n\n\n\n<ul><li><strong>Los derechos<\/strong><strong>&nbsp;que tiene en virtud de la normativa de protecci\u00f3n de datos<\/strong><\/li><\/ul>\n\n\n\n<p>Ud. tiene los siguientes derechos<\/p>\n\n\n\n<ul><li>Derecho de Acceso, Rectificaci\u00f3n y Supresi\u00f3n: Las personas interesadas tienen derecho a obtener confirmaci\u00f3n sobre si en&nbsp;<strong>Valquejigoso<\/strong>&nbsp;estamos tratando datos personales que les conciernan, o no. Las personas interesadas tienen derecho a acceder a sus datos personales, as\u00ed como a solicitar la rectificaci\u00f3n de los datos inexactos o, en su caso, solicitar su supresi\u00f3n cuando, entre otros motivos, los datos ya no sean necesarios para los fines que fueron recogidos.<\/li><li>Derecho a la Limitaci\u00f3n y Oposici\u00f3n: En determinadas circunstancias, los interesados podr\u00e1n solicitar la limitaci\u00f3n del tratamiento de sus datos, en cuyo caso \u00fanicamente los conservaremos para el ejercicio o la defensa de reclamaciones. En determinadas circunstancias y por motivos relacionados con su situaci\u00f3n particular, los interesados podr\u00e1n oponerse al tratamiento de sus datos.<\/li><\/ul>\n\n\n\n<p>Dichos derechos podr\u00e1n ser ejercitados a trav\u00e9s del siguiente correo electr\u00f3nico&nbsp;<a href=\"mailto:rgpd@valquejigoso.com\">rgpd@valquejigoso.com<\/a><\/p>\n\n\n\n<p>Sin perjuicio de cualquier otro recurso administrativo o acci\u00f3n judicial, el interesado podr\u00e1, en cualquier caso, presentar una reclamaci\u00f3n ante la Agencia Espa\u00f1ola de Protecci\u00f3n de Datos, especialmente cuando no haya obtenido satisfacci\u00f3n en el ejercicio de sus derechos, a trav\u00e9s de la web www.agpd.es<\/p>\n\n\n\n<p><strong>Actualizaciones y modificaciones&nbsp;<\/strong><\/p>\n\n\n\n<p><strong>Valquejigoso<\/strong>&nbsp;se reserva el derecho de modificar y\/o actualizar la informaci\u00f3n sobre protecci\u00f3n de datos, cuando sea necesario para el correcto cumplimiento del Reglamento de Protecci\u00f3n de Datos. Si se produjera alguna modificaci\u00f3n, el nuevo texto ser\u00e1 publicado en esta p\u00e1gina, donde podr\u00e1 tener acceso a la pol\u00edtica actual. En cada caso, la relaci\u00f3n con los usuarios se regir\u00e1 por las normas previstas en el momento preciso en que se accede al sitio web.<\/p>\n","protected":false},"excerpt":{"rendered":"<p>VALQUEJIGOSO, S.L.&nbsp;informa de que la presente web tiene car\u00e1cter meramente informativo y que, con car\u00e1cter general no se recaban datos personales. En cumplimiento de la normativa en materia de protecci\u00f3n de datos de car\u00e1cter personal y, en particular, del REGLAMENTO (UE) 2016\/679 DEL PARLAMENTO EUROPEO Y DEL CONSEJO de 27 de abril de 2016 relativo [&hellip;]<\/p>\n","protected":false},"author":1,"featured_media":0,"parent":0,"menu_order":0,"comment_status":"closed","ping_status":"closed","template":"","meta":[],"_links":{"self":[{"href":"https:\/\/www.valquejigoso.com\/vinoteca\/wp-json\/wp\/v2\/pages\/909"}],"collection":[{"href":"https:\/\/www.valquejigoso.com\/vinoteca\/wp-json\/wp\/v2\/pages"}],"about":[{"href":"https:\/\/www.valquejigoso.com\/vinoteca\/wp-json\/wp\/v2\/types\/page"}],"author":[{"embeddable":true,"href":"https:\/\/www.valquejigoso.com\/vinoteca\/wp-json\/wp\/v2\/users\/1"}],"replies":[{"embeddable":true,"href":"https:\/\/www.valquejigoso.com\/vinoteca\/wp-json\/wp\/v2\/comments?post=909"}],"version-history":[{"count":1,"href":"https:\/\/www.valquejigoso.com\/vinoteca\/wp-json\/wp\/v2\/pages\/909\/revisions"}],"predecessor-version":[{"id":910,"href":"https:\/\/www.valquejigoso.com\/vinoteca\/wp-json\/wp\/v2\/pages\/909\/revisions\/910"}],"wp:attachment":[{"href":"https:\/\/www.valquejigoso.com\/vinoteca\/wp-json\/wp\/v2\/media?parent=909"}],"curies":[{"name":"wp","href":"https:\/\/api.w.org\/{rel}","templated":true}]}}