{"id":914,"date":"2020-09-18T18:08:14","date_gmt":"2020-09-18T16:08:14","guid":{"rendered":"https:\/\/www.valquejigoso.com\/vinoteca\/?page_id=914"},"modified":"2020-09-22T19:00:59","modified_gmt":"2020-09-22T17:00:59","slug":"aviso-legal","status":"publish","type":"page","link":"https:\/\/www.valquejigoso.com\/vinoteca\/aviso-legal\/","title":{"rendered":"Aviso Legal"},"content":{"rendered":"\n<h1>Aviso Legal<\/h1>\n\n\n\n<hr class=\"wp-block-separator\"\/>\n\n\n\n<h4>DATOS GENERALES<\/h4>\n\n\n\n<p>De acuerdo con el art\u00edculo 10 de la Ley 34\/2002, de 11 de julio, de Servicios de la Sociedad de la Informaci\u00f3n y de Comercio Electr\u00f3nico ponemos a su disposici\u00f3n los siguientes datos:<\/p>\n\n\n\n<p>VALQUEJIGOSO SL est\u00e1 domiciliada en la carretera de Villamanta a M\u00e9ntrida, S\/N, 28610, Villamanta, Madrid, con CIF\u00a0B-28948065. Inscrita en el Registro Mercantil de Madrid, tomo 6.143 general, 5.179 de la secci\u00f3n 3\u00aa del Libro de Sociedades, folio\u00a01, hoja\u00a051.060, inscripci\u00f3n primera.<\/p>\n\n\n\n<p>En la web&nbsp;Valquejigoso.com hay una serie de contenidos sobre&nbsp;la informaci\u00f3n relativa a la empresa, a los productos y servicios que se ofrece.&nbsp;<\/p>\n\n\n\n<h4>POL\u00cdTICA DE PRIVACIDAD<\/h4>\n\n\n\n<p>En cumplimiento de lo dispuesto en&nbsp;la Ley Org\u00e1nica 15\/1999, de 13 de Diciembre, de Protecci\u00f3n de Datos de Car\u00e1cter Personal (LOPD)&nbsp;se informa al usuario que todos los datos que nos proporcione ser\u00e1n incorporados a un fichero, creado y mantenido bajo la responsabilidad de&nbsp;VALQUEJIGOSO SL<\/p>\n\n\n\n<p>Siempre&nbsp;se va a respetar la confidencialidad de sus datos personales&nbsp;que s\u00f3lo ser\u00e1n utilizados con la finalidad de gestionar los servicios ofrecidos, atender a las solicitudes que nos plantee, realizar tareas administrativas, as\u00ed como remitir informaci\u00f3n t\u00e9cnica, comercial o publicitaria por v\u00eda ordinaria o electr\u00f3nica.<\/p>\n\n\n\n<p>Para ejercer sus&nbsp;derechos de oposici\u00f3n, rectificaci\u00f3n o cancelaci\u00f3n&nbsp;deber\u00e1 dirigirse a la empresa&nbsp;situada en la carretera de Villamanta a M\u00e9ntrida, S\/N, 28610, Villamanta, Madrid.<\/p>\n\n\n\n<h4>CONDICIONES DE USO<\/h4>\n\n\n\n<p>Las condiciones de acceso y uso del presente sitio web se rigen por la legalidad vigente y por el principio de buena fe&nbsp;comprometi\u00e9ndose el usuario a realizar un buen uso de la web. No se permiten conductas que vayan contra la ley, los derechos o intereses de terceros.<\/p>\n\n\n\n<p>Ser usuario de la web de&nbsp;Valquejigoso.com&nbsp;implica que reconoce haber le\u00eddo y aceptado las presentes condiciones y lo que las extienda la normativa legal aplicable en esta materia. Si por el motivo que fuere no est\u00e1 de acuerdo con estas condiciones no contin\u00fae usando esta web.<\/p>\n\n\n\n<p>Cualquier tipo de notificaci\u00f3n y\/o reclamaci\u00f3n solamente ser\u00e1 v\u00e1lida por notificaci\u00f3n escrita y\/o correo certificado.<\/p>\n\n\n\n<h4>RESPONSABILIDADES<\/h4>\n\n\n\n<p>VALQUEJIGOSO SL no se hace responsable de la informaci\u00f3n y contenidos almacenados en foros, redes sociales o cualesquier otro medio&nbsp;que permita a terceros publicar contenidos de forma independiente en la p\u00e1gina web del prestador.<\/p>\n\n\n\n<p>Sin embargo, teniendo en cuenta los art\u00edculos 11 y 16 de la LSSI-CE,&nbsp;VALQUEJIGOSO SL se compromete a la retirada o en su caso bloqueo de aquellos contenidos que pudieran afectar o contravenir la legislaci\u00f3n nacional o internacional, derechos de terceros o la moral y el orden p\u00fablico.<\/p>\n\n\n\n<p>Tampoco la empresa se responsabilizar\u00e1 de los da\u00f1os y perjuicios que se produzcan por fallos o malas configuraciones del software instalado en el ordenador del internauta.&nbsp;Se excluye toda responsabilidad por alguna incidencia t\u00e9cnica o fallo que se produzca cuando el usuario se conecte a internet. Igualmente no se garantiza la inexistencia de interrupciones o errores en el acceso al sitio web.<\/p>\n\n\n\n<p>As\u00ed mismo,&nbsp;VALQUEJIGOSO SL se reserva el derecho a actualizar, modificar o eliminar la informaci\u00f3n contenida en su p\u00e1gina web, as\u00ed como la configuraci\u00f3n o presentaci\u00f3n del mismo, en cualquier momento sin asumir alguna responsabilidad por ello.<\/p>\n\n\n\n<h4>PROPIEDAD INTELECTUAL E INDUSTRIAL<\/h4>\n\n\n\n<p>VALQUEJIGOSO SL es titular de todos los derechos sobre el software de la publicaci\u00f3n digital as\u00ed como de los derechos de propiedad industrial e intelectual referidos a los contenidos que se incluyan, a excepci\u00f3n de los derechos sobre productos y servicios de car\u00e1cter p\u00fablico que no son propiedad de esta empresa.<\/p>\n\n\n\n<p>Ning\u00fan material publicado en esta web podr\u00e1 ser reproducido, copiado o publicado&nbsp;sin el consentimiento por escrito de&nbsp;VALQUEJIGOSO SL<\/p>\n\n\n\n<p>Toda la informaci\u00f3n que se reciba en la web, como comentarios, sugerencias o ideas, se considerar\u00e1 cedida&nbsp;a&nbsp;VALQUEJIGOSO SL de manera gratuita. No debe enviarse informaci\u00f3n que NO pueda ser tratada de este modo.<\/p>\n\n\n\n<p>Todos los productos y servicios de estas p\u00e1ginas que NO son propiedad de&nbsp;VALQUEJIGOSO SL son marcas registradas de sus respectivos propietarios y son reconocidas como tales por nuestra empresa. Solamente aparecen en la web de&nbsp;VALQUEJIGOSO SL a efectos de promoci\u00f3n y de recopilaci\u00f3n de informaci\u00f3n. Estos propietarios pueden solicitar la modificaci\u00f3n o eliminaci\u00f3n de la informaci\u00f3n que les pertenece.<\/p>\n\n\n\n<h4>LEY APLICABLE Y JURISDICCI\u00d3N<\/h4>\n\n\n\n<p>Las presentes condiciones generales se rigen por la legislaci\u00f3n espa\u00f1ola.&nbsp;Para cualquier litigio que pudiera surgir relacionado con el sitio web o la actividad que en \u00e9l se desarrolla ser\u00e1n competentes Juzgados de&nbsp;Madrid, renunciando expresamente el usuario a cualquier otro fuero que pudiera corresponderle.<\/p>\n\n\n\n<h4>POL\u00cdTICA DE COOKIES<\/h4>\n\n\n\n<p>VALQUEJIGOSO SL por su propia cuenta o la de un tercero contratado para prestaci\u00f3n de servicios de medici\u00f3n, pueden utilizar cookies cuando el usuario navega por el sitio web. Las cookies son ficheros enviados al navegador por medio de un servicio web con la finalidad de registrar las actividades del usuario durante su tiempo de navegaci\u00f3n.<\/p>\n\n\n\n<p>Las cookies utilizadas se asocian \u00fanicamente con un usuario an\u00f3nimo y su ordenador, y no proporcionan por s\u00ed mismas los datos personales del usuario.<\/p>\n\n\n\n<p>Mediante el uso de las cookies resulta posible que el servidor donde se encuentra la web reconozca el navegador web utilizado por el usuario con la finalidad de que la navegaci\u00f3n sea m\u00e1s sencilla.&nbsp;Se utilizan tambi\u00e9n para medir la audiencia y par\u00e1metros del tr\u00e1fico, controlar el proceso y n\u00famero de entradas.<\/p>\n\n\n\n<p>El usuario tiene la posibilidad de configurar su navegador para ser avisado de la recepci\u00f3n de cookies y para impedir su instalaci\u00f3n en su equipo.&nbsp;Por favor consulte las instrucciones y manuales de su navegador para ampliar esta informaci\u00f3n.<\/p>\n\n\n\n<p>Para utilizar el sitio web no es necesario que el usuario permita la instalaci\u00f3n de las cookies enviadas al sitio web, o el tercero que act\u00fae en su nombre, sin perjuicio de que sea necesario que el usuario inicie una sesi\u00f3n tal en cada uno de los servicios cuya prestaci\u00f3n requiera el previo registro.<\/p>\n\n\n\n<p>En todo caso&nbsp;las cookies tienen un car\u00e1cter temporal&nbsp;con la \u00fanica finalidad de hacer m\u00e1s eficaz su transmisi\u00f3n ulterior. En ning\u00fan caso se utilizar\u00e1 cookies para recoger informaci\u00f3n de car\u00e1cter personal.<\/p>\n","protected":false},"excerpt":{"rendered":"<p>Aviso Legal DATOS GENERALES De acuerdo con el art\u00edculo 10 de la Ley 34\/2002, de 11 de julio, de Servicios de la Sociedad de la Informaci\u00f3n y de Comercio Electr\u00f3nico ponemos a su disposici\u00f3n los siguientes datos: VALQUEJIGOSO SL est\u00e1 domiciliada en la carretera de Villamanta a M\u00e9ntrida, S\/N, 28610, Villamanta, Madrid, con CIF\u00a0B-28948065. Inscrita [&hellip;]<\/p>\n","protected":false},"author":1,"featured_media":0,"parent":0,"menu_order":0,"comment_status":"closed","ping_status":"closed","template":"","meta":[],"_links":{"self":[{"href":"https:\/\/www.valquejigoso.com\/vinoteca\/wp-json\/wp\/v2\/pages\/914"}],"collection":[{"href":"https:\/\/www.valquejigoso.com\/vinoteca\/wp-json\/wp\/v2\/pages"}],"about":[{"href":"https:\/\/www.valquejigoso.com\/vinoteca\/wp-json\/wp\/v2\/types\/page"}],"author":[{"embeddable":true,"href":"https:\/\/www.valquejigoso.com\/vinoteca\/wp-json\/wp\/v2\/users\/1"}],"replies":[{"embeddable":true,"href":"https:\/\/www.valquejigoso.com\/vinoteca\/wp-json\/wp\/v2\/comments?post=914"}],"version-history":[{"count":2,"href":"https:\/\/www.valquejigoso.com\/vinoteca\/wp-json\/wp\/v2\/pages\/914\/revisions"}],"predecessor-version":[{"id":933,"href":"https:\/\/www.valquejigoso.com\/vinoteca\/wp-json\/wp\/v2\/pages\/914\/revisions\/933"}],"wp:attachment":[{"href":"https:\/\/www.valquejigoso.com\/vinoteca\/wp-json\/wp\/v2\/media?parent=914"}],"curies":[{"name":"wp","href":"https:\/\/api.w.org\/{rel}","templated":true}]}}