{"id":916,"date":"2020-09-18T18:26:41","date_gmt":"2020-09-18T16:26:41","guid":{"rendered":"https:\/\/www.valquejigoso.com\/vinoteca\/?page_id=916"},"modified":"2020-09-22T20:55:37","modified_gmt":"2020-09-22T18:55:37","slug":"terminos-y-condiciones","status":"publish","type":"page","link":"https:\/\/www.valquejigoso.com\/vinoteca\/terminos-y-condiciones\/","title":{"rendered":"T\u00e9rminos y Condiciones"},"content":{"rendered":"\n<h2>1. Introducci\u00f3n<\/h2>\n\n\n\n<p>BODEGAS VALQUEJIGOSO S.L. pone a disposici\u00f3n de sus clientes, su tienda en Internet, www.valquejigoso.com\/tienda (en adelante la web), con el fin de que puedan disfrutar de este servicio y adquirir los productos que en la misma se ofrecen.<\/p>\n\n\n\n<p>Las condiciones generales de compra que seguidamente se incluyen as\u00ed como cualesquiera otras condiciones particulares que para la compra de determinados productos pudieran existir, y que le ser\u00e1n debidamente mostradas, en su caso, en las pantallas correspondientes, constituyen el marco normativo regulador de cada contrato de compraventa de bienes que se formalizar\u00e1 a trav\u00e9s de la web. Las presentes Condiciones Generales ser\u00e1n de aplicaci\u00f3n a la venta de los productos comercializados a trav\u00e9s de la web cuyo acceso puede localizar en la parte superior de la p\u00e1gina principal o de inicio de esta web.<\/p>\n\n\n\n<p>El usuario y\/o cliente puede acceder directamente a los T\u00e9rminos y Condiciones, as\u00ed como a las Condiciones Generales de uso y navegaci\u00f3n de la web (<a href=\"https:\/\/www.valquejigoso.com\/vinoteca\/aviso-legal\/\" data-type=\"page\" data-id=\"914\" target=\"_blank\" rel=\"noreferrer noopener\">Aviso legal<\/a>), a la <a href=\"https:\/\/www.valquejigoso.com\/vinoteca\/politica-de-privacidad-2\/\" data-type=\"page\" data-id=\"909\" target=\"_blank\" rel=\"noreferrer noopener\">pol\u00edtica de privacidad<\/a> y de <a href=\"https:\/\/www.valquejigoso.com\/vinoteca\/politica-de-cookies\/\" data-type=\"page\" data-id=\"912\" target=\"_blank\" rel=\"noreferrer noopener\">cookies <\/a>correspondiente haciendo clic en los apartados que, debidamente identificados, puede encontrar en la parte inferior de nuestra web.<\/p>\n\n\n\n<p>Por el simple hecho de navegar a trav\u00e9s de este sitio web, el usuario y\/o cliente acepta \u00edntegramente y sin reserva alguna, su contenido. En caso de disconformidad, el usuario y\/o cliente deber\u00e1 abandonar este sitio web.<\/p>\n\n\n\n<p>Las operaciones de compra formalizadas a trav\u00e9s de este sitio web se entender\u00e1n hechas con la sociedad VALQUEJIGOSO SL est\u00e1 domiciliada en la carretera de Villamanta a M\u00e9ntrida, S\/N, 28610, Villamanta, Madrid, con CIF&nbsp;B-28948065. Inscrita en el Registro Mercantil de Madrid, tomo 6.143 general, 5.179 de la secci\u00f3n 3\u00aa del Libro de Sociedades, folio&nbsp;1, hoja&nbsp;51.060, inscripci\u00f3n primera.<\/p>\n\n\n\n<p>Sede f\u00edsica:<\/p>\n\n\n\n<ul><li>VALQUEJIGOSO SL<\/li><li>Villamanta a M\u00e9ntrida, S\/N, 28610, Villamanta, Madrid<\/li><li>Correo electr\u00f3nico: \u00a0<a href=\"mailto:rgpd@valquejigoso.com\">info@valquejigoso.com<\/a><\/li><\/ul>\n\n\n\n<p>Las ofertas contenidas en la presente web y los servicios prestados por la sociedad anteriormente indicada est\u00e1n dirigidos, \u00fanica y exclusivamente, a personas f\u00edsicas,&nbsp;<strong>mayores de edad<\/strong>, o jur\u00eddicas que tengan la consideraci\u00f3n de consumidores o usuarios finales en atenci\u00f3n a la normativa vigente. (Real Decreto Legislativo 1\/2007, de 16 de noviembre) En consecuencia, quien no re\u00fana los requisitos anteriores no podr\u00e1 adquirir productos a trav\u00e9s de esta web.<\/p>\n\n\n\n<h2>2. Funci\u00f3n de las presentes condiciones generales \u2013 Registro del Cliente<\/h2>\n\n\n\n<p>Tal y como se ha indicado, las condiciones generales de compra que seguidamente se incluyen as\u00ed como cualesquiera otras condiciones particulares que para la compra de determinados productos pudieran existir y que le ser\u00e1n debidamente mostradas, en su caso, en las pantallas correspondientes, constituyen el marco normativo regulador de cada contrato de compraventa de bienes que se formalizar\u00e1 a trav\u00e9s de esta web.<\/p>\n\n\n\n<p>Dichas Condiciones han sido elaboradas de conformidad con la normativa vigente en la materia, entre otras, el Real Decreto 1\/2007, de 16 de Noviembre, por el que se aprueba el texto refundido de la Ley General para la Defensa de los Consumidores y Usuarios y otras leyes complementarias as\u00ed como la Ley 34\/2002, de Servicios de la Sociedad de la Informaci\u00f3n y la Ley 59\/2003, de 19 de Diciembre, sobre Firma Electr\u00f3nica.<\/p>\n\n\n\n<p>Para realizar compras en www.valquejigoso.com el usuario, con car\u00e1cter previo, se haya registrado en la web cumplimentando un formulario al que podr\u00e1 acceder a trav\u00e9s del enlace que tendr\u00e1 disponible en la citada web. Para hacer compras en www.valquejigoso.com deber\u00e1 aceptar expresamente las presentes Condiciones Generales de Contrataci\u00f3n.<\/p>\n\n\n\n<p>Las condiciones generales, as\u00ed como cualesquiera otras condiciones particulares de compra que regir\u00e1n en su caso la adquisici\u00f3n de productos y servicios ofertados en www.valquejigoso.com, ser\u00e1n siempre las que est\u00e9n vigentes en el momento de la realizaci\u00f3n de cada pedido.<\/p>\n\n\n\n<p>VALQUEJIGOSO S.L. podr\u00e1 en cualquier momento modificar las presentes condiciones generales de compra respetando, en cualquier caso, los compromisos previamente adquiridos con sus clientes. Dichas modificaciones ser\u00e1n publicadas en la propia web a fin de que puedan ser conocidas por los nuevos clientes.<\/p>\n\n\n\n<p>VALQUEJIGOSO S.L. se reserva el derecho a dar de baja e impedir el acceso a los clientes que mantengan saldos deudores o impagados con VALQUEJIGOSO S.L.<\/p>\n\n\n\n<h2>3. Compra de Productos en www.valquejigoso.com<\/h2>\n\n\n\n<h3>3.1. Productos.<\/h3>\n\n\n\n<p>La web mostrar\u00e1 en cada momento los productos a la venta junto con sus caracter\u00edsticas y su precio de venta al p\u00fablico en cada una de sus secciones.<\/p>\n\n\n\n<p><strong>Los vinos o cualquier otro producto que contenga alcohol, s\u00f3lo se vender\u00e1 a personas mayores de edad, que deber\u00e1n declarar tal condici\u00f3n al hacer el pedido.<\/strong><\/p>\n\n\n\n<p>VALQUEJIGOSO S.L. decide los productos que ofrece a sus clientes a trav\u00e9s de la web en cada momento.<\/p>\n\n\n\n<p>De este modo, VALQUEJIGOSO S.L. podr\u00e1 a\u00f1adir referencias al cat\u00e1logo de productos que ofrece en la web www.valquejigoso.com, o quitarlas, respetando en cualquier caso los pedidos realizados con anterioridad o la duraci\u00f3n de campa\u00f1as u ofertas concretas que ya tuviera comprometidas.<\/p>\n\n\n\n<p>De conformidad con lo establecido en legislaci\u00f3n vigente, est\u00e1 prohibida la venta o servicio de bebidas alcoh\u00f3licas a menores a trav\u00e9s de esta web.<\/p>\n\n\n\n<h3>3.2. Indicaci\u00f3n del precio<\/h3>\n\n\n\n<p>Los precios de los productos disponibles para la compra aparecen detallados en euros e incluyen el Impuesto Sobre el Valor A\u00f1adido (IVA).<\/p>\n\n\n\n<h3>3.3. Formas de pago<\/h3>\n\n\n\n<p>Los pagos se podr\u00e1n realizar mediante tarjeta de cr\u00e9dito o d\u00e9bito a trav\u00e9s de la pasarela de pago&nbsp;<a href=\"http:\/\/www.redsys.es\/\">Redsys<\/a>.<\/p>\n\n\n\n<p>El Terminal de Pago Virtual (TPV) de Redsys admite el pago con las tarjetas American Express, Master Card, Maestro, Visa y Visa Electron. Para realizar los pagos con tarjeta es necesario indicar: n\u00famero de tarjeta, fecha de caducidad, nombre y apellidos del titular (tal y como figuran en la tarjeta) y c\u00f3digo CVV de la tarjeta.<\/p>\n\n\n\n<p>El cargo por el importe del pedido en la tarjeta bancaria del cliente se efectuar\u00e1 en el momento de la compra.<\/p>\n\n\n\n<p>Para mejorar la protecci\u00f3n contra posibles fraudes, el cliente deber\u00e1 facilitar de nuevo los datos de su tarjeta en cada compra, ya que VALQUEJIGOSO S.L. no tiene acceso ni almacena los datos bancarios de sus clientes.<\/p>\n\n\n\n<p>VALQUEJIGOSO S.L.  se compromete a no permitir ninguna transacci\u00f3n que sea ilegal, o se considere por las marcas de tarjetas de cr\u00e9dito o el banco adquiriente, que pueda o tenga el potencial de da\u00f1ar la buena voluntad de los mismos o influir de manera negativa en ellos. Las siguientes actividades est\u00e1n prohibidas en virtud de los programas de las marcas de tarjetas: la venta u oferta de un producto o servicio que no sea de plena conformidad con todas las leyes aplicables al Comprador, Banco Emisor, Comerciante, Titular de la tarjeta, o tarjetas. Adem\u00e1s, las siguientes actividades tambi\u00e9n est\u00e1n prohibidas expl\u00edcitamente: \u00abVenta de bebidas alcoh\u00f3licas a menores de 18 a\u00f1os\u00bb\u00bb.<\/p>\n\n\n\n<h3>3.4. Disponiblidad<\/h3>\n\n\n\n<p>VALQUEJIGOSO S.L. \u00fanicamente servir\u00e1 pedidos en Espa\u00f1a y Portugal (Pen\u00ednsula).<\/p>\n\n\n\n<p>Durante la gesti\u00f3n del propio pedido, en caso de no disponer del producto comprado, el cliente ser\u00e1 avisado v\u00eda electr\u00f3nica, por e-mail \u00f3 telef\u00f3nicamente de la falta de disponibilidad del mismo e intentar\u00e1 buscar la soluci\u00f3n o la alternativa al pedido cursado por el cliente.<\/p>\n\n\n\n<h3>3.5. Gastos de env\u00edo<\/h3>\n\n\n\n<p>Los gastos de env\u00edo se abonar\u00e1n junto con el importe del pedido y aparecer\u00e1n desglosados en la factura. Los gastos de envi\u00f3 se calculan en funci\u00f3n del peso del pedido<\/p>\n\n\n\n<h3>3.6. Confirmaci\u00f3n del pedido<\/h3>\n\n\n\n<p>El cliente confirmar\u00e1 el pedido realizado haciendo clic en el bot\u00f3n \u2018Continuar\u2019 dentro del proceso de pago. A partir de esta confirmaci\u00f3n el pedido es firme y definitivo, quedar\u00e1 registrado de forma autom\u00e1tica y VALQUEJIGOSO S.L. proceder\u00e1 a su entrega.<\/p>\n\n\n\n<p>El registro autom\u00e1tico del pedido realizado tiene valor de prueba en cuanto a su naturaleza, contenido y fecha. La confirmaci\u00f3n del pedido por parte del cliente conlleva la aceptaci\u00f3n de los precios, la descripci\u00f3n de los productos ofertados, gastos de entrega y dem\u00e1s condiciones de venta del producto, las cuales se recogen en este documento. Una vez finalizado el proceso de compra, el sistema confirmar\u00e1 al cliente el pedido realizado a trav\u00e9s de la propia web. Dicha confirmaci\u00f3n ser\u00e1 igualmente remitida a la direcci\u00f3n de correo electr\u00f3nico facilitada al registrarse.<\/p>\n\n\n\n<p>La confirmaci\u00f3n de pedido y el comprobante de compra (impresi\u00f3n que hace el usuario) no tendr\u00e1n validez como factura.<\/p>\n\n\n\n<p>La factura correspondiente se adjuntar\u00e1 al pedido en cuesti\u00f3n y le ser\u00e1 entregada junto con el mismo.<\/p>\n\n\n\n<h3>3.7. Seguimiento del pedido<\/h3>\n\n\n\n<p>El cliente podr\u00e1 conocer en cada momento el estado de su pedido a trav\u00e9s de la propia web, en la secci\u00f3n \u2018Mi cuenta\u2019.<\/p>\n\n\n\n<p>Adicionalmente, VALQUEJIGOSO S.L. pone a su disposici\u00f3n un  correo electr\u00f3nico: info@valquejigoso.com.<\/p>\n\n\n\n<h3>3.8. Plazos de entrega del pedido<\/h3>\n\n\n\n<p>Tal y como se ha indicado anteriormente, VALQUEJIGOSO S.L. a trav\u00e9s de su web, www.valquejigoso.com, no sirve a toda Espa\u00f1a, \u00fanicamente sirve en la zona peninsular.<\/p>\n\n\n\n<p>La entrega de los pedidos se realizar\u00e1 en la direcci\u00f3n indicada por el cliente en el momento de formalizar el pedido en un plazo de 72 horas laborables (excluidos S\u00e1bados, Domingos y Festivos), aunque dicho plazo puede variar en funci\u00f3n de la disponibilidad de los productos o de la direcci\u00f3n de entrega. Si el cliente no est\u00e1 en el lugar en el momento de la entrega, se le dejar\u00e1 un aviso con las indicaciones correspondientes para contactar con la agencia de transporte y pactar una nueva entrega. Se podr\u00e1n realizar varios intentos de entrega en d\u00edas consecutivos despu\u00e9s de los cuales ser\u00e1 devuelto a VALQUEJIGOSO S.L. Tras concluir este plazo, si el cliente reclama su pedido deber\u00e1 abonar de nuevo los costes de env\u00edo.<\/p>\n\n\n\n<p>Para cualquier reclamaci\u00f3n despu\u00e9s de la entrega, puede ponerse en contacto con nuestro Servicio de Atenci\u00f3n al Cliente en info@valquejigoso.com<\/p>\n\n\n\n<p>En defecto de lo anterior, el pedido ser\u00e1 entregado a la persona,&nbsp;<strong>mayor de edad<\/strong>, que al momento de la entrega se encuentre en el domicilio indicado. El cliente autoriza expresamente a VALQUEJIGOSO S.L. a realizar la entrega del pedido a su favor. El receptor del pedido deber\u00e1 firmar el albar\u00e1n de entrega correspondiente, consignando su nombre y DNI o similar que implica su conformidad con los productos recibidos, tanto en cuanto a cantidad como a calidad y estado en que se encuentran.<\/p>\n\n\n\n<p>A tal efecto, el receptor podr\u00e1 revisar el pedido cuanto quiera al momento de su recepci\u00f3n a fin de mostrar su conformidad con el mismo. En caso de que no est\u00e9 completo, deber\u00e1 hacerlo constar expresamente en el albar\u00e1n de entrega correspondiente.<\/p>\n\n\n\n<h3>3.9. Acreditaci\u00f3n de las operaciones<\/h3>\n\n\n\n<p>La aceptaci\u00f3n del pedido por parte de VALQUEJIGOSO S.L. as\u00ed como las informaciones relativas a cualquier operaci\u00f3n efectuada a partir del n\u00famero de pedido correspondiente y dem\u00e1s documentaci\u00f3n generada ser\u00e1n almacenadas y archivadas, sirviendo de prueba en caso de litigio.<\/p>\n\n\n\n<h2>4. Devoluci\u00f3n de los productos<\/h2>\n\n\n\n<h3>4.1. Derecho de desistimiento<\/h3>\n\n\n\n<p>El Cliente dispondr\u00e1 de un plazo m\u00e1ximo de catorce (14) d\u00edas naturales desde la entrega del producto para desistir, total o parcialmente, de la compra del producto, de conformidad con la legislaci\u00f3n aplicable.<\/p>\n\n\n\n<p>No obstante ello y de conformidad con lo dispuesto en el art\u00edculo 102.1 y 2 del Real Decreto Legislativo 1\/2007, de 16 de noviembre, por el que se aprueba el texto refundido de la Ley General para la Defensa de los Consumidores y Usuarios, y otras leyes complementarias, el derecho de desistimiento no podr\u00e1 ejercerse sobre las botellas que hayan sido abiertas, ni tampoco, en caso de servirse el producto en cajas de madera cuando las mismas hayan sido abiertas o desprecintadas. Tampoco podr\u00e1 ejercitarse el derecho de desistimiento en caso de productos personalizados.<\/p>\n\n\n\n<p>Una vez finalizado el plazo de catorce (14) d\u00edas naturales, VALQUEJIGOSO S.L. no aceptar\u00e1 devoluciones por desistimiento de compras de productos.<\/p>\n\n\n\n<p>En el supuesto de desistir de la compra de un producto, el Cliente deber\u00e1 ponerse en contacto con VALQUEJIGOSO S.L. mediante el env\u00edo de un correo electr\u00f3nico a info@valquejigoso.com<\/p>\n\n\n\n<p>En todo caso, en el supuesto de desistir de la compra, deber\u00e1n cumplirse los siguientes requisitos:<\/p>\n\n\n\n<p>El producto debe estar en el mismo estado en que se entreg\u00f3 y deber\u00e1 conservar su embalaje y etiquetado original.<\/p>\n\n\n\n<p>La devoluci\u00f3n a VALQUEJIGOSO S.L. debe hacerse usando la misma caja utilizada en la entrega, o, en su defecto, en alg\u00fan formato similar que garantice la devoluci\u00f3n de los productos en perfecto estado (salvo el caso de las botellas de vino servidas en cajas de madera, que s\u00f3lo pueden devolverse en la misma caja sin abrir).<\/p>\n\n\n\n<p>Para ejercer su derecho de desistimiento, no basta con la remisi\u00f3n f\u00edsica del producto, sino que debe comunicarnos previamente que ejercita ese derecho a desistir &nbsp;a trav\u00e9s de una comunicaci\u00f3n. Dicho comunicaci\u00f3n deber\u00e1 remitirse al e-mail info@valquejigoso.com, &nbsp;mediante entrega f\u00edsica que acredite la fecha de recepci\u00f3n en la direcci\u00f3n se\u00f1alada m\u00e1s atr\u00e1s, siempre dentro del plazo de los 14 d\u00edas naturales anteriormente indicados. VALQUEJIGOSO S.L. acusar\u00e1 recibo del mismo.<\/p>\n\n\n\n<p>Las devoluciones de los pedidos deber\u00e1n remitirse a la direcci\u00f3n de:<\/p>\n\n\n\n<ul><li>VALQUEJIGOSO S.L.<\/li><li>Devoluciones Tienda Online<br>Carretera de Villamanta a M\u00e9ntrida, S\/N, <br>28610, Villamanta, Madrid<br>Correo electr\u00f3nico: info@valquejigoso.com<\/li><\/ul>\n\n\n\n<p>En caso de desistimiento, el reembolso incluir\u00e1 todos los gastos de env\u00edo que haya abonado el cliente al hacer la compra. No obstante, VALQUEJIGOSO S.L. podr\u00e1 cobrar los gastos de env\u00edo adicionales en caso de una modalidad de env\u00edo no habitual o entrega urgente.<\/p>\n\n\n\n<p>En todo caso, ser\u00e1 el cliente, en caso de desistimiento, quien pague los gastos de devoluci\u00f3n de los productos a VALQUEJIGOSO S.L.<\/p>\n\n\n\n<h3>4.2. Devoluci\u00f3n de productos defectuosos<\/h3>\n\n\n\n<p>Sin perjuicio de cualesquiera otros derechos que pudieran corresponderle, el Cliente tendr\u00e1 derecho al reembolso del precio de los productos defectuosos o de los productos entregados si no se corresponden con el pedido realizado por el Usuario. Alternativamente a lo anterior, el Usuario tendr\u00e1 derecho a reclamar, y que se le entregue, un producto igual al solicitado, en perfecto estado.<\/p>\n\n\n\n<p>En los supuestos de devoluci\u00f3n a VALQUEJIGOSO S.L. de productos defectuosos o que no se corresponden con su pedido solicitado, la devoluci\u00f3n deber\u00e1 realizarse por parte del Cliente mediante el procedimiento establecido en el apartado (4.1) anterior, si bien el Cliente, en este caso, no deber\u00e1 hacer frente a los costes de devoluci\u00f3n de dichos productos.<\/p>\n\n\n\n<p>Siempre que el Usuario haya seguido el procedimiento establecido en el apartado (4.1) anterior y se hayan cumplido los requisitos establecidos en este apartado, VALQUEJIGOSO S.L.. reembolsar\u00e1 el precio abonado correspondiente a los productos devueltos que sean defectuosos o que no se correspondan con el pedido de productos realizado por el Cliente, conforme a lo establecido en el apartado (4.3) posterior.<\/p>\n\n\n\n<h3>4.3. Reembolso del precio de los productos<\/h3>\n\n\n\n<p>Siempre que el Cliente haya seguido el procedimiento establecido en este apartado y se hayan cumplido los requisitos establecidos en el mismo, VALQUEJIGOSO S.L. reembolsar\u00e1 el precio abonado por el Cliente correspondiente a los productos devueltos y los gastos de env\u00edo, salvo en caso de una modalidad de env\u00edo no habitual o entrega urgente. En el caso de que la devoluci\u00f3n se realice en ejercicio del derecho de desistimiento del Usuario descrito en el apartado (4.1) VALQUEJIGOSO S.L. no abonar\u00e1 ni har\u00e1 frente a los gastos y\/o costes de devoluci\u00f3n del producto a VALQUEJIGOSO S.L.<\/p>\n\n\n\n<p>El Cliente no tendr\u00e1 derecho al reembolso del precio de los productos devueltos que no se hallen en las mismas condiciones en que fueron entregados, o no se hayan cumplido los requisitos establecidos en las presentes Condiciones Generales.<\/p>\n\n\n\n<p>Las devoluciones parciales de un pedido dar\u00e1n lugar al reembolso del precio correspondiente al producto o productos efectivamente devueltos.<\/p>\n\n\n\n<p>VALQUEJIGOSO S.L. gestionar\u00e1 la orden de devoluci\u00f3n del precio mediante el mismo sistema de pago utilizado por el Cliente para la adquisici\u00f3n de los productos, en un plazo de catorce (14) d\u00edas desde la recogida del pedido devuelto, y una vez VALQUEJIGOSO S.L. haya comprobado que los productos objeto de devoluci\u00f3n cumplen con los requisitos establecidos en los apartados (4.1) y (4.2) anteriores. La aplicaci\u00f3n de la devoluci\u00f3n del precio en la cuenta del Cliente depender\u00e1 de la entidad bancaria.<\/p>\n\n\n\n<h2>5. Protecci\u00f3n de datos de car\u00e1cter personal<\/h2>\n\n\n\n<p>Ver a este respecto la pol\u00edtica de privacidad y de cookies correspondiente que, debidamente identificada en el Aviso Legal que puede encontrar en la parte inferior de la p\u00e1gina principal.<\/p>\n\n\n\n<h2>6. Cookies<\/h2>\n\n\n\n<p>Ver a este respecto la pol\u00edtica de privacidad y de cookies correspondiente que, debidamente identificada en el Aviso Legal que puede encontrar en la parte inferior de la p\u00e1gina principal.<\/p>\n\n\n\n<h2>7. Legislaci\u00f3n aplicable. Sumisi\u00f3n a fuero<\/h2>\n\n\n\n<p>El presente contrato se regir\u00e1 por la legislaci\u00f3n espa\u00f1ola que ser\u00e1 de aplicaci\u00f3n en lo no dispuesto en este contrato en materia de interpretaci\u00f3n, validez y ejecuci\u00f3n. Cualesquiera controversias derivadas de la contrataci\u00f3n de productos a trav\u00e9s de esta web ser\u00e1n sometidas a los \u00f3rganos jurisdiccionales competentes determinados por la Ley.<\/p>\n","protected":false},"excerpt":{"rendered":"<p>1. Introducci\u00f3n BODEGAS VALQUEJIGOSO S.L. pone a disposici\u00f3n de sus clientes, su tienda en Internet, www.valquejigoso.com\/tienda (en adelante la web), con el fin de que puedan disfrutar de este servicio y adquirir los productos que en la misma se ofrecen. Las condiciones generales de compra que seguidamente se incluyen as\u00ed como cualesquiera otras condiciones particulares [&hellip;]<\/p>\n","protected":false},"author":1,"featured_media":0,"parent":0,"menu_order":0,"comment_status":"closed","ping_status":"closed","template":"","meta":[],"_links":{"self":[{"href":"https:\/\/www.valquejigoso.com\/vinoteca\/wp-json\/wp\/v2\/pages\/916"}],"collection":[{"href":"https:\/\/www.valquejigoso.com\/vinoteca\/wp-json\/wp\/v2\/pages"}],"about":[{"href":"https:\/\/www.valquejigoso.com\/vinoteca\/wp-json\/wp\/v2\/types\/page"}],"author":[{"embeddable":true,"href":"https:\/\/www.valquejigoso.com\/vinoteca\/wp-json\/wp\/v2\/users\/1"}],"replies":[{"embeddable":true,"href":"https:\/\/www.valquejigoso.com\/vinoteca\/wp-json\/wp\/v2\/comments?post=916"}],"version-history":[{"count":3,"href":"https:\/\/www.valquejigoso.com\/vinoteca\/wp-json\/wp\/v2\/pages\/916\/revisions"}],"predecessor-version":[{"id":936,"href":"https:\/\/www.valquejigoso.com\/vinoteca\/wp-json\/wp\/v2\/pages\/916\/revisions\/936"}],"wp:attachment":[{"href":"https:\/\/www.valquejigoso.com\/vinoteca\/wp-json\/wp\/v2\/media?parent=916"}],"curies":[{"name":"wp","href":"https:\/\/api.w.org\/{rel}","templated":true}]}}